{"id":56,"date":"2021-04-21T08:42:48","date_gmt":"2021-04-21T08:42:48","guid":{"rendered":"https:\/\/www.gelatsangelo.com\/?page_id=56"},"modified":"2023-06-29T15:09:57","modified_gmt":"2023-06-29T13:09:57","slug":"aviso-legal","status":"publish","type":"page","link":"https:\/\/www.gelatsangelo.com\/es\/aviso-legal\/","title":{"rendered":"Aviso Legal"},"content":{"rendered":"\t\t<div data-elementor-type=\"wp-page\" data-elementor-id=\"56\" class=\"elementor elementor-56\" data-elementor-post-type=\"page\">\n\t\t\t\t\t\t\t\t\t<section class=\"has_eae_slider elementor-section elementor-top-section elementor-element elementor-element-55d8907 elementor-section-boxed elementor-section-height-default elementor-section-height-default\" data-particle_enable=\"false\" data-particle-mobile-disabled=\"false\" data-id=\"55d8907\" data-element_type=\"section\">\n\t\t\t\t\t\t<div class=\"elementor-container elementor-column-gap-default\">\n\t\t\t\t\t<div class=\"has_eae_slider elementor-column elementor-col-100 elementor-top-column elementor-element elementor-element-ef7b029\" data-id=\"ef7b029\" data-element_type=\"column\">\n\t\t\t<div class=\"elementor-widget-wrap elementor-element-populated\">\n\t\t\t\t\t\t\t\t<div class=\"elementor-element elementor-element-2b1ec76 elementor-widget elementor-widget-heading\" data-id=\"2b1ec76\" data-element_type=\"widget\" data-widget_type=\"heading.default\">\n\t\t\t\t<div class=\"elementor-widget-container\">\n\t\t\t<h2 class=\"elementor-heading-title elementor-size-default\">Aviso Legal<\/h2>\t\t<\/div>\n\t\t\t\t<\/div>\n\t\t\t\t<div class=\"elementor-element elementor-element-991ce04 elementor-widget elementor-widget-text-editor\" data-id=\"991ce04\" data-element_type=\"widget\" data-widget_type=\"text-editor.default\">\n\t\t\t\t<div class=\"elementor-widget-container\">\n\t\t\t\t\t\t\t<p>Informaci\u00f3n de Conformidad con el art\u00edculo 10 de la LSSI<\/p><h4>El titular de esta web es:<\/h4><p>Identidad: GELATS ANGELO S.L.<br \/>NIF: B17801093<br \/>Direcci\u00f3n: Pol\u00edgono Industrial Depal Nau 10 17140 ULL\u00c0<br \/>Tel.: 972 75 86 83<br \/>Email: herve@gelatsangelo.com<br \/>Inscrita en el Registro Mercantil de Girona, inscripci\u00f3n. 1a, Full B- GI-35326, Foli 192, Tom 2117<\/p><h4>Condiciones de uso<\/h4><p>El uso de este sitio web implica la aceptaci\u00f3n plena de los t\u00e9rminos y condiciones del presente aviso legal. Los posibles conflictos relativos a esta web se regir\u00e1n exclusivamente por el derecho<br \/>Espa\u00f1a. Toda persona usuaria del web, independientemente de la jurisdicci\u00f3n territorial desde la que se produzca su acceso, acepta el cumplimiento y respeto de estas cl\u00e1usulas con renuncia expresa a cualquier otro fuero que pudiera corresponderle.<\/p><h4>Propiedat intelectual e industrial<\/h4><p>La totalidad del contenido de este sitio web, ya sean textos, im\u00e1genes, sonidos, marcas, logotipos u otros elementos, as\u00ed como subestructura, dise\u00f1o, combinaciones de colores o forma de presentaci\u00f3n de los materiales, est\u00e1n protegidos por derechos de propiedad industrial e intelectual que el usuario de este sitio web debe respetar. No es l\u00edcita su transformaci\u00f3n o alteraci\u00f3n, comunicaci\u00f3n p\u00fablica o cualquier otra forma de explotaci\u00f3n por cualquier procedimiento sin la autorizaci\u00f3n expresa de HELADOS ANGELO S.L ..<\/p><h4>Responsabilidad sobre los contenidos<\/h4><p>Aunque HELADOS ANGELO S.L. act\u00faa con la m\u00e1xima diligencia posible, puede darse el caso de que alg\u00fan dato o informaci\u00f3n no est\u00e9 del todo actualizada en el momento que el usuario del sitio web lo consulte. Por ello, las informaciones que se presentan en esta web tienen una funci\u00f3n orientativa y no obligan a HELADOS ANGELO S.L .<br \/><br \/>HELADOS ANGELO S.L. no ser\u00e1 responsable de la informaci\u00f3n que se pueda obtener a trav\u00e9s de enlaces incluidos en su web.<br \/><br \/>HELADOS ANGELO S.L. se reserva la facultad de realizar, en cualquier momento y sin necesidad de preaviso, modificaciones o actualizaciones de la informaci\u00f3n y de cualquiera de los elementos que integren el dise\u00f1o y configuraci\u00f3n de la p\u00e1gina web.<\/p><h4>Ley aplicable y jurisdicci\u00f3n:<\/h4><p>El uso de este sitio web implica la aceptaci\u00f3n plena de los t\u00e9rminos y condiciones en el presente aviso legal. Los posibles conflictos relativos a esta web se regir\u00e1n exclusivamente por la legislaci\u00f3n espa\u00f1ola, siendo competentes los Juzgados y Tribunales espa\u00f1oles para conocer de cuantas cuestiones se susciten sobre ella. El usuario, en virtud de su aceptaci\u00f3n renuncia expresamente a cualquier fuero que por aplicaci\u00f3n de la Ley de Enjuiciamiento Civil vigente pudiera corresponderle.<\/p>\t\t\t\t\t\t<\/div>\n\t\t\t\t<\/div>\n\t\t\t\t\t<\/div>\n\t\t<\/div>\n\t\t\t\t\t\t\t<\/div>\n\t\t<\/section>\n\t\t\t\t\t\t\t<\/div>\n\t\t","protected":false},"excerpt":{"rendered":"<p>Informaci\u00f3n de Conformidad con el art\u00edculo 10 de la LSSI El titular de esta web es: Identidad: GELATS ANGELO S.L. NIF: B17801093 Direcci\u00f3n: Pol\u00edgono Industrial Depal Nau 10 17140 ULL\u00c0 Tel.: 972 75 86 83 Email: herve@gelatsangelo.com Inscrita en el Registro Mercantil de Girona, inscripci\u00f3n. 1a, Full B- GI-35326, Foli 192, Tom 2117 Condiciones de&hellip;&nbsp;<a href=\"https:\/\/www.gelatsangelo.com\/es\/aviso-legal\/\" class=\"\" rel=\"bookmark\">Leer m\u00e1s &raquo;<span class=\"screen-reader-text\">Aviso Legal<\/span><\/a><\/p>\n","protected":false},"author":1,"featured_media":0,"parent":0,"menu_order":0,"comment_status":"closed","ping_status":"closed","template":"elementor_header_footer","meta":{"inline_featured_image":false,"neve_meta_sidebar":"","neve_meta_container":"","neve_meta_enable_content_width":"off","neve_meta_content_width":100,"neve_meta_title_alignment":"","neve_meta_author_avatar":"","neve_post_elements_order":"","neve_meta_disable_header":"","neve_meta_disable_footer":"","neve_meta_disable_title":"","footnotes":""},"acf":[],"yoast_head":"<!-- This site is optimized with the Yoast SEO plugin v20.12 - https:\/\/yoast.com\/wordpress\/plugins\/seo\/ -->\n<title>Aviso Legal | Gelats Angelo<\/title>\n<meta name=\"robots\" content=\"noindex, follow\" \/>\n<meta property=\"og:locale\" content=\"es_ES\" \/>\n<meta property=\"og:type\" content=\"article\" \/>\n<meta property=\"og:title\" content=\"Aviso Legal | Gelats Angelo\" \/>\n<meta property=\"og:description\" content=\"Informaci\u00f3n de Conformidad con el art\u00edculo 10 de la LSSI El titular de esta web es: Identidad: GELATS ANGELO S.L. NIF: B17801093 Direcci\u00f3n: Pol\u00edgono Industrial Depal Nau 10 17140 ULL\u00c0 Tel.: 972 75 86 83 Email: herve@gelatsangelo.com Inscrita en el Registro Mercantil de Girona, inscripci\u00f3n. 1a, Full B- GI-35326, Foli 192, Tom 2117 Condiciones de&hellip;&nbsp;Leer m\u00e1s &raquo;Aviso Legal\" \/>\n<meta property=\"og:url\" content=\"https:\/\/www.gelatsangelo.com\/es\/aviso-legal\/\" \/>\n<meta property=\"og:site_name\" content=\"Gelats Angelo\" \/>\n<meta property=\"article:publisher\" content=\"https:\/\/www.facebook.com\/GelatsAngelo\/\" \/>\n<meta property=\"article:modified_time\" content=\"2023-06-29T13:09:57+00:00\" \/>\n<meta property=\"og:image\" content=\"https:\/\/www.gelatsangelo.com\/wp-content\/uploads\/2023\/06\/logo-2010.jpg\" \/>\n\t<meta property=\"og:image:width\" content=\"468\" \/>\n\t<meta property=\"og:image:height\" content=\"459\" \/>\n\t<meta property=\"og:image:type\" content=\"image\/jpeg\" \/>\n<meta name=\"twitter:card\" content=\"summary_large_image\" \/>\n<meta name=\"twitter:label1\" content=\"Tiempo de lectura\" \/>\n\t<meta name=\"twitter:data1\" content=\"3 minutos\" \/>\n<script type=\"application\/ld+json\" class=\"yoast-schema-graph\">{\"@context\":\"https:\/\/schema.org\",\"@graph\":[{\"@type\":\"WebPage\",\"@id\":\"https:\/\/www.gelatsangelo.com\/es\/aviso-legal\/\",\"url\":\"https:\/\/www.gelatsangelo.com\/es\/aviso-legal\/\",\"name\":\"Aviso Legal | Gelats Angelo\",\"isPartOf\":{\"@id\":\"https:\/\/www.gelatsangelo.com\/#website\"},\"datePublished\":\"2021-04-21T08:42:48+00:00\",\"dateModified\":\"2023-06-29T13:09:57+00:00\",\"breadcrumb\":{\"@id\":\"https:\/\/www.gelatsangelo.com\/es\/aviso-legal\/#breadcrumb\"},\"inLanguage\":\"es\",\"potentialAction\":[{\"@type\":\"ReadAction\",\"target\":[\"https:\/\/www.gelatsangelo.com\/es\/aviso-legal\/\"]}]},{\"@type\":\"BreadcrumbList\",\"@id\":\"https:\/\/www.gelatsangelo.com\/es\/aviso-legal\/#breadcrumb\",\"itemListElement\":[{\"@type\":\"ListItem\",\"position\":1,\"name\":\"Inici\",\"item\":\"https:\/\/www.gelatsangelo.com\/es\/\"},{\"@type\":\"ListItem\",\"position\":2,\"name\":\"Aviso Legal\"}]},{\"@type\":\"WebSite\",\"@id\":\"https:\/\/www.gelatsangelo.com\/#website\",\"url\":\"https:\/\/www.gelatsangelo.com\/\",\"name\":\"Gelats Angelo\",\"description\":\"El gelat alimenta la felicitat\",\"publisher\":{\"@id\":\"https:\/\/www.gelatsangelo.com\/#organization\"},\"alternateName\":\"Gelats Angelo\",\"potentialAction\":[{\"@type\":\"SearchAction\",\"target\":{\"@type\":\"EntryPoint\",\"urlTemplate\":\"https:\/\/www.gelatsangelo.com\/?s={search_term_string}\"},\"query-input\":\"required name=search_term_string\"}],\"inLanguage\":\"es\"},{\"@type\":\"Organization\",\"@id\":\"https:\/\/www.gelatsangelo.com\/#organization\",\"name\":\"Gelats Angelo\",\"alternateName\":\"Gelats Angelo\",\"url\":\"https:\/\/www.gelatsangelo.com\/\",\"logo\":{\"@type\":\"ImageObject\",\"inLanguage\":\"es\",\"@id\":\"https:\/\/www.gelatsangelo.com\/#\/schema\/logo\/image\/\",\"url\":\"https:\/\/www.gelatsangelo.com\/wp-content\/uploads\/elementor\/screenshots\/Elementor-post-screenshot_4252_2023-06-22-14-45-15_fdf1d82.png\",\"contentUrl\":\"https:\/\/www.gelatsangelo.com\/wp-content\/uploads\/elementor\/screenshots\/Elementor-post-screenshot_4252_2023-06-22-14-45-15_fdf1d82.png\",\"width\":1,\"height\":1,\"caption\":\"Gelats Angelo\"},\"image\":{\"@id\":\"https:\/\/www.gelatsangelo.com\/#\/schema\/logo\/image\/\"},\"sameAs\":[\"https:\/\/www.facebook.com\/GelatsAngelo\/\",\"https:\/\/www.instagram.com\/gelatsangelo\/\"]}]}<\/script>\n<!-- \/ Yoast SEO plugin. -->","yoast_head_json":{"title":"Aviso Legal | Gelats Angelo","robots":{"index":"noindex","follow":"follow"},"og_locale":"es_ES","og_type":"article","og_title":"Aviso Legal | Gelats Angelo","og_description":"Informaci\u00f3n de Conformidad con el art\u00edculo 10 de la LSSI El titular de esta web es: Identidad: GELATS ANGELO S.L. NIF: B17801093 Direcci\u00f3n: Pol\u00edgono Industrial Depal Nau 10 17140 ULL\u00c0 Tel.: 972 75 86 83 Email: herve@gelatsangelo.com Inscrita en el Registro Mercantil de Girona, inscripci\u00f3n. 1a, Full B- GI-35326, Foli 192, Tom 2117 Condiciones de&hellip;&nbsp;Leer m\u00e1s &raquo;Aviso Legal","og_url":"https:\/\/www.gelatsangelo.com\/es\/aviso-legal\/","og_site_name":"Gelats Angelo","article_publisher":"https:\/\/www.facebook.com\/GelatsAngelo\/","article_modified_time":"2023-06-29T13:09:57+00:00","og_image":[{"width":468,"height":459,"url":"https:\/\/www.gelatsangelo.com\/wp-content\/uploads\/2023\/06\/logo-2010.jpg","type":"image\/jpeg"}],"twitter_card":"summary_large_image","twitter_misc":{"Tiempo de lectura":"3 minutos"},"schema":{"@context":"https:\/\/schema.org","@graph":[{"@type":"WebPage","@id":"https:\/\/www.gelatsangelo.com\/es\/aviso-legal\/","url":"https:\/\/www.gelatsangelo.com\/es\/aviso-legal\/","name":"Aviso Legal | Gelats Angelo","isPartOf":{"@id":"https:\/\/www.gelatsangelo.com\/#website"},"datePublished":"2021-04-21T08:42:48+00:00","dateModified":"2023-06-29T13:09:57+00:00","breadcrumb":{"@id":"https:\/\/www.gelatsangelo.com\/es\/aviso-legal\/#breadcrumb"},"inLanguage":"es","potentialAction":[{"@type":"ReadAction","target":["https:\/\/www.gelatsangelo.com\/es\/aviso-legal\/"]}]},{"@type":"BreadcrumbList","@id":"https:\/\/www.gelatsangelo.com\/es\/aviso-legal\/#breadcrumb","itemListElement":[{"@type":"ListItem","position":1,"name":"Inici","item":"https:\/\/www.gelatsangelo.com\/es\/"},{"@type":"ListItem","position":2,"name":"Aviso Legal"}]},{"@type":"WebSite","@id":"https:\/\/www.gelatsangelo.com\/#website","url":"https:\/\/www.gelatsangelo.com\/","name":"Gelats Angelo","description":"El gelat alimenta la felicitat","publisher":{"@id":"https:\/\/www.gelatsangelo.com\/#organization"},"alternateName":"Gelats Angelo","potentialAction":[{"@type":"SearchAction","target":{"@type":"EntryPoint","urlTemplate":"https:\/\/www.gelatsangelo.com\/?s={search_term_string}"},"query-input":"required name=search_term_string"}],"inLanguage":"es"},{"@type":"Organization","@id":"https:\/\/www.gelatsangelo.com\/#organization","name":"Gelats Angelo","alternateName":"Gelats Angelo","url":"https:\/\/www.gelatsangelo.com\/","logo":{"@type":"ImageObject","inLanguage":"es","@id":"https:\/\/www.gelatsangelo.com\/#\/schema\/logo\/image\/","url":"https:\/\/www.gelatsangelo.com\/wp-content\/uploads\/elementor\/screenshots\/Elementor-post-screenshot_4252_2023-06-22-14-45-15_fdf1d82.png","contentUrl":"https:\/\/www.gelatsangelo.com\/wp-content\/uploads\/elementor\/screenshots\/Elementor-post-screenshot_4252_2023-06-22-14-45-15_fdf1d82.png","width":1,"height":1,"caption":"Gelats Angelo"},"image":{"@id":"https:\/\/www.gelatsangelo.com\/#\/schema\/logo\/image\/"},"sameAs":["https:\/\/www.facebook.com\/GelatsAngelo\/","https:\/\/www.instagram.com\/gelatsangelo\/"]}]}},"_links":{"self":[{"href":"https:\/\/www.gelatsangelo.com\/es\/wp-json\/wp\/v2\/pages\/56"}],"collection":[{"href":"https:\/\/www.gelatsangelo.com\/es\/wp-json\/wp\/v2\/pages"}],"about":[{"href":"https:\/\/www.gelatsangelo.com\/es\/wp-json\/wp\/v2\/types\/page"}],"author":[{"embeddable":true,"href":"https:\/\/www.gelatsangelo.com\/es\/wp-json\/wp\/v2\/users\/1"}],"replies":[{"embeddable":true,"href":"https:\/\/www.gelatsangelo.com\/es\/wp-json\/wp\/v2\/comments?post=56"}],"version-history":[{"count":15,"href":"https:\/\/www.gelatsangelo.com\/es\/wp-json\/wp\/v2\/pages\/56\/revisions"}],"predecessor-version":[{"id":5093,"href":"https:\/\/www.gelatsangelo.com\/es\/wp-json\/wp\/v2\/pages\/56\/revisions\/5093"}],"wp:attachment":[{"href":"https:\/\/www.gelatsangelo.com\/es\/wp-json\/wp\/v2\/media?parent=56"}],"curies":[{"name":"wp","href":"https:\/\/api.w.org\/{rel}","templated":true}]}}